{"id":632,"date":"2024-07-29T15:42:07","date_gmt":"2024-07-29T15:42:07","guid":{"rendered":"https:\/\/artoftravel.shop\/?post_type=product&#038;p=632"},"modified":"2026-04-13T20:35:35","modified_gmt":"2026-04-13T19:35:35","slug":"white-fabric-marker","status":"publish","type":"product","link":"https:\/\/artoftravel.shop\/en\/product\/white-fabric-marker\/","title":{"rendered":"White Fabric Marker"},"content":{"rendered":"<p>Travel \u2192 Explore \u2192 Check Off!<\/p>\n<p>Tenk\u00fd fix na textil Javana Kreul Opak je ide\u00e1ln\u00ed n\u00e1stroj pro od\u0161krt\u00e1v\u00e1n\u00ed zem\u00ed na tv\u00e9m cestovatelsk\u00e9m tri\u010dku. D\u00edky jemn\u00e9mu hrotu m\u016f\u017ee\u0161 p\u0159esn\u011b ozna\u010dit nav\u0161t\u00edven\u00e9 destinace a zaznamenat sv\u00e9 cestovatelsk\u00e9 dobrodru\u017estv\u00ed.<\/p>\n<p>Fixu jsme testovali a z dostupn\u00fdch mo\u017enost\u00ed na trhu je jednozna\u010dn\u011b nejlep\u0161\u00ed. Je velmi odoln\u00e1 v\u016f\u010di pran\u00ed, nerozp\u00edj\u00ed se a vydr\u017e\u00ed dlouhodob\u00e9 pou\u017e\u00edv\u00e1n\u00ed.<\/p>\n<p>Fixa na textil je ide\u00e1ln\u00ed pro od\u0161krt\u00e1v\u00e1n\u00ed zem\u00ed na cestovatelsk\u00e9m tri\u010dku nebo mikin\u011b.<\/p>","protected":false},"excerpt":{"rendered":"<p>Cestuj \u2192 Objevuj \u2192 Od\u0161krt\u00e1vej! Tenk\u00fd fix na textil Javana Kreul Opak je ide\u00e1ln\u00ed n\u00e1stroj pro od\u0161krt\u00e1v\u00e1n\u00ed zem\u00ed na tv\u00e9m cestovatelsk\u00e9m tri\u010dku. D\u00edky jemn\u00e9mu hrotu m\u016f\u017ee\u0161 p\u0159esn\u011b ozna\u010dit nav\u0161t\u00edven\u00e9 destinace a zaznamenat sv\u00e9 cestovatelsk\u00e9 dobrodru\u017estv\u00ed. Fixu jsme testovali a z dostupn\u00fdch mo\u017enost\u00ed na trhu je jednozna\u010dn\u011b nejlep\u0161\u00ed. Je velmi odoln\u00e1 v\u016f\u010di pran\u00ed, nerozp\u00edj\u00ed se a [&hellip;]<\/p>","protected":false},"featured_media":903,"comment_status":"open","ping_status":"closed","template":"","meta":[],"product_brand":[],"product_cat":[31],"product_tag":[],"class_list":{"0":"post-632","1":"product","2":"type-product","3":"status-publish","4":"has-post-thumbnail","6":"product_cat-fixy-na-textil","8":"first","9":"instock","10":"shipping-taxable","11":"purchasable","12":"product-type-simple"},"_links":{"self":[{"href":"https:\/\/artoftravel.shop\/en\/wp-json\/wp\/v2\/product\/632","targetHints":{"allow":["GET"]}}],"collection":[{"href":"https:\/\/artoftravel.shop\/en\/wp-json\/wp\/v2\/product"}],"about":[{"href":"https:\/\/artoftravel.shop\/en\/wp-json\/wp\/v2\/types\/product"}],"replies":[{"embeddable":true,"href":"https:\/\/artoftravel.shop\/en\/wp-json\/wp\/v2\/comments?post=632"}],"wp:featuredmedia":[{"embeddable":true,"href":"https:\/\/artoftravel.shop\/en\/wp-json\/wp\/v2\/media\/903"}],"wp:attachment":[{"href":"https:\/\/artoftravel.shop\/en\/wp-json\/wp\/v2\/media?parent=632"}],"wp:term":[{"taxonomy":"product_brand","embeddable":true,"href":"https:\/\/artoftravel.shop\/en\/wp-json\/wp\/v2\/product_brand?post=632"},{"taxonomy":"product_cat","embeddable":true,"href":"https:\/\/artoftravel.shop\/en\/wp-json\/wp\/v2\/product_cat?post=632"},{"taxonomy":"product_tag","embeddable":true,"href":"https:\/\/artoftravel.shop\/en\/wp-json\/wp\/v2\/product_tag?post=632"}],"curies":[{"name":"wp","href":"https:\/\/api.w.org\/{rel}","templated":true}]}}