{"id":2490,"date":"2024-11-13T14:38:15","date_gmt":"2024-11-13T12:38:15","guid":{"rendered":"https:\/\/artoftravel.shop\/?post_type=product&#038;p=2490"},"modified":"2026-04-15T09:02:12","modified_gmt":"2026-04-15T08:02:12","slug":"europe-travel-check-off-t-shirt","status":"publish","type":"product","link":"https:\/\/artoftravel.shop\/en\/product\/europe-travel-check-off-t-shirt\/","title":{"rendered":"Europe Travel Check-Off T-Shirt"},"content":{"rendered":"<p>Travel \u2192 Explore \u2192 Check Off!<\/p>\n<p>Cestov\u00e1n\u00ed nen\u00ed jen o objevov\u00e1n\u00ed nov\u00fdch m\u00edst, ale tak\u00e9 o vytv\u00e1\u0159en\u00ed nezapomenuteln\u00fdch vzpom\u00ednek. Na\u0161e unik\u00e1tn\u00ed cestovatelsk\u00e9 tri\u010dko od\u0161krt\u00e1vac\u00ed ti umo\u017en\u00ed vizu\u00e1ln\u011b sledovat tv\u00e9 cestovatelsk\u00e9 \u00fasp\u011bchy a motivuje t\u011b k dal\u0161\u00edm dobrodru\u017estv\u00edm.<\/p>\n<p>Ka\u017ed\u00e9 od\u0161krtnut\u00e9 pol\u00ed\u010dko p\u0159edstavuje nov\u00e9 z\u00e1\u017eitky, nov\u00e9 kultury a nov\u00e9 p\u0159\u00e1tele. Toto cestovatelsk\u00e9 tri\u010dko nen\u00ed jen oble\u010den\u00ed, ale i interaktivn\u00ed mapa tv\u00fdch evropsk\u00fdch dobrodru\u017estv\u00ed, kterou m\u016f\u017ee\u0161 hrd\u011b nosit a ukazovat.<\/p>\n<p>Tri\u010dko je vyrobeno z t\u00e9 nejp\u0159\u00edjemn\u011bj\u0161\u00ed organick\u00e9 bavlny, pohodln\u00e9 a oversized. Ka\u017ed\u00e9 pol\u00ed\u010dko na tri\u010dku p\u0159edstavuje jednu evropskou zemi. Jakmile nav\u0161t\u00edv\u00ed\u0161 novou destinaci, jednodu\u0161e ji od\u0161krtni a sleduj, jak se tvoje cestovatelsk\u00e9 tri\u010dko postupn\u011b pln\u00ed vzpom\u00ednkami.<\/p>","protected":false},"excerpt":{"rendered":"<p>Cestuj \u2192 Objevuj \u2192 Od\u0161krt\u00e1vej! Cestov\u00e1n\u00ed nen\u00ed jen o objevov\u00e1n\u00ed nov\u00fdch m\u00edst, ale tak\u00e9 o vytv\u00e1\u0159en\u00ed nezapomenuteln\u00fdch vzpom\u00ednek. Na\u0161e unik\u00e1tn\u00ed cestovatelsk\u00e9 tri\u010dko od\u0161krt\u00e1vac\u00ed ti umo\u017en\u00ed vizu\u00e1ln\u011b sledovat tv\u00e9 cestovatelsk\u00e9 \u00fasp\u011bchy a motivuje t\u011b k dal\u0161\u00edm dobrodru\u017estv\u00edm. Ka\u017ed\u00e9 od\u0161krtnut\u00e9 pol\u00ed\u010dko p\u0159edstavuje nov\u00e9 z\u00e1\u017eitky, nov\u00e9 kultury a nov\u00e9 p\u0159\u00e1tele. Toto cestovatelsk\u00e9 tri\u010dko nen\u00ed jen oble\u010den\u00ed, ale i [&hellip;]<\/p>","protected":false},"featured_media":2597,"comment_status":"open","ping_status":"closed","template":"","meta":[],"product_brand":[],"product_cat":[30],"product_tag":[],"class_list":{"0":"post-2490","1":"product","2":"type-product","3":"status-publish","4":"has-post-thumbnail","6":"product_cat-tricka-pro-cestovatele","8":"first","9":"instock","10":"sale","11":"shipping-taxable","12":"purchasable","13":"product-type-variable","14":"has-default-attributes"},"_links":{"self":[{"href":"https:\/\/artoftravel.shop\/en\/wp-json\/wp\/v2\/product\/2490","targetHints":{"allow":["GET"]}}],"collection":[{"href":"https:\/\/artoftravel.shop\/en\/wp-json\/wp\/v2\/product"}],"about":[{"href":"https:\/\/artoftravel.shop\/en\/wp-json\/wp\/v2\/types\/product"}],"replies":[{"embeddable":true,"href":"https:\/\/artoftravel.shop\/en\/wp-json\/wp\/v2\/comments?post=2490"}],"wp:featuredmedia":[{"embeddable":true,"href":"https:\/\/artoftravel.shop\/en\/wp-json\/wp\/v2\/media\/2597"}],"wp:attachment":[{"href":"https:\/\/artoftravel.shop\/en\/wp-json\/wp\/v2\/media?parent=2490"}],"wp:term":[{"taxonomy":"product_brand","embeddable":true,"href":"https:\/\/artoftravel.shop\/en\/wp-json\/wp\/v2\/product_brand?post=2490"},{"taxonomy":"product_cat","embeddable":true,"href":"https:\/\/artoftravel.shop\/en\/wp-json\/wp\/v2\/product_cat?post=2490"},{"taxonomy":"product_tag","embeddable":true,"href":"https:\/\/artoftravel.shop\/en\/wp-json\/wp\/v2\/product_tag?post=2490"}],"curies":[{"name":"wp","href":"https:\/\/api.w.org\/{rel}","templated":true}]}}